{"id":140770,"date":"2025-07-31T03:04:32","date_gmt":"2025-07-31T02:04:32","guid":{"rendered":"https:\/\/www.hkolimpija.si\/?page_id=140770"},"modified":"2025-07-31T03:04:32","modified_gmt":"2025-07-31T02:04:32","slug":"team-6","status":"publish","type":"page","link":"https:\/\/www.hkolimpija.si\/en\/team-6\/","title":{"rendered":"Team"},"content":{"rendered":"<p><div class=\"fusion-fullwidth fullwidth-box fusion-builder-row-1 fusion-flex-container has-pattern-background has-mask-background fusion-parallax-none ol-page-title hundred-percent-fullwidth non-hundred-percent-height-scrolling\" style=\"--awb-background-position-small:center center;--awb-background-repeat-small:no-repeat;--awb-background-blend-mode:multiply;--awb-border-radius-top-left:0px;--awb-border-radius-top-right:0px;--awb-border-radius-bottom-right:0px;--awb-border-radius-bottom-left:0px;--awb-padding-top:10px;--awb-padding-top-small:150px;--awb-min-height:350px;--awb-min-height-small:390px;--awb-background-color:rgba(0,0,0,0.65);--awb-background-image:linear-gradient(180deg, rgba(0,0,0,0) 65%,#000000 100%),url(https:\/\/www.hkolimpija.si\/wp-content\/uploads\/2024\/04\/prah-z-crnino.png);;--awb-background-size:cover;--awb-background-size-small:cover;--awb-flex-wrap:wrap;\" ><div class=\"fusion-builder-row fusion-row fusion-flex-align-items-center fusion-flex-content-wrap\" style=\"width:104% !important;max-width:104% !important;margin-left: calc(-4% \/ 2 );margin-right: calc(-4% \/ 2 );\"><div class=\"fusion-layout-column fusion_builder_column fusion-builder-column-0 fusion_builder_column_1_1 1_1 fusion-flex-column page-main-title\" style=\"--awb-bg-size:cover;--awb-width-large:100%;--awb-margin-top-large:0px;--awb-spacing-right-large:1.92%;--awb-margin-bottom-large:0px;--awb-spacing-left-large:1.92%;--awb-width-medium:100%;--awb-order-medium:0;--awb-spacing-right-medium:1.92%;--awb-spacing-left-medium:1.92%;--awb-width-small:100%;--awb-order-small:0;--awb-spacing-right-small:1.92%;--awb-spacing-left-small:1.92%;\" data-scroll-devices=\"small-visibility,medium-visibility,large-visibility\"><div class=\"fusion-column-wrapper fusion-column-has-shadow fusion-flex-justify-content-flex-start fusion-content-layout-column\"><\/div><\/div><\/div><\/div>\n<div id=\"Goalies\" class=\"fusion-container-anchor\"><div class=\"fusion-fullwidth fullwidth-box fusion-builder-row-2 fusion-flex-container has-pattern-background has-mask-background nonhundred-percent-fullwidth non-hundred-percent-height-scrolling\" style=\"--awb-border-radius-top-left:0px;--awb-border-radius-top-right:0px;--awb-border-radius-bottom-right:0px;--awb-border-radius-bottom-left:0px;--awb-padding-top:120px;--awb-padding-top-small:50px;--awb-flex-wrap:wrap;\" ><div class=\"fusion-builder-row fusion-row fusion-flex-align-items-flex-start fusion-flex-content-wrap\" style=\"max-width:1580.8px;margin-left: calc(-4% \/ 2 );margin-right: calc(-4% \/ 2 );\"><div class=\"fusion-layout-column fusion_builder_column fusion-builder-column-1 fusion_builder_column_1_1 1_1 fusion-flex-column\" style=\"--awb-bg-size:cover;--awb-width-large:100%;--awb-margin-top-large:0px;--awb-spacing-right-large:1.92%;--awb-margin-bottom-large:20px;--awb-spacing-left-large:1.92%;--awb-width-medium:100%;--awb-order-medium:0;--awb-spacing-right-medium:1.92%;--awb-spacing-left-medium:1.92%;--awb-width-small:100%;--awb-order-small:0;--awb-spacing-right-small:1.92%;--awb-spacing-left-small:1.92%;\"><div class=\"fusion-column-wrapper fusion-column-has-shadow fusion-flex-justify-content-flex-start fusion-content-layout-column\"><div class=\"fusion-text fusion-text-1\"><h2>Postanite del zmagovalne zgodbe in zelene dru\u017eine!<\/h2>\n<p>Vstopite v svet \u0161porta, \u010dustev in zmag! Hokejski klub Olimpija odpira vrata partnerjem, ki \u017eelijo biti del navdihujo\u010de zgodbe \u2013 na ledu in izven njega. Ne glede na to, ali \u017eelite okrepiti prepoznavnost svoje blagovne znamke, nagraditi zaposlene ali ustvariti nove poslovne vezi, imamo pravo re\u0161itev za vas.<\/p>\n<p>Odkrijte sponzorske pakete, ekskluzivne sezonske vstopnice za podjetja in mo\u017enost individualnega sponzorstva igralca.<\/p>\n<p>Skupaj z vami ustvarjamo nepozabna do\u017eivetja in pi\u0161emo zmagovalne zgodbe.<\/p>\n<\/div><div class=\"fusion-text fusion-text-2\"><p><strong>URADNI PARTNER IN PODPORNIK OLIMPIJA LJUBLJANA<\/strong><\/p>\n<p>Postanite del zmagovalne zgodbe in zelene dru\u017eine!<\/p>\n<p>V Hokejskem klubu Olimpija ne gradimo le vrhunskega hokejskega mo\u0161tva, ampak tudi mo\u010dno skupnost partnerjev in podpornikov, ki verjamejo v \u0161port, strast in uspeh. Z na\u0161ima sponzorskima paketoma Uradni podpornik in Uradni partner vam in va\u0161emu podjetju omogo\u010damo prilo\u017enost, da stopite v sredi\u0161\u010de dogajanja in na edinstven na\u010din postanete del zelene dru\u017eine.<\/p>\n<p>Za vas smo pripravili dva paketa:<\/p>\n<\/div><\/div><\/div><div class=\"fusion-layout-column fusion_builder_column fusion-builder-column-2 fusion_builder_column_1_1 1_1 fusion-flex-column\" style=\"--awb-bg-size:cover;--awb-width-large:100%;--awb-margin-top-large:0px;--awb-spacing-right-large:1.92%;--awb-margin-bottom-large:20px;--awb-spacing-left-large:1.92%;--awb-width-medium:100%;--awb-order-medium:0;--awb-spacing-right-medium:1.92%;--awb-spacing-left-medium:1.92%;--awb-width-small:100%;--awb-order-small:0;--awb-spacing-right-small:1.92%;--awb-spacing-left-small:1.92%;\"><div class=\"fusion-column-wrapper fusion-column-has-shadow fusion-flex-justify-content-flex-start fusion-content-layout-column\"><div class=\"fusion-text fusion-text-3\"><h2><strong>URADNI PODPORNIK<\/strong><\/h2>\n<\/div><\/div><\/div><div class=\"fusion-layout-column fusion_builder_column fusion-builder-column-3 fusion_builder_column_1_2 1_2 fusion-flex-column\" style=\"--awb-bg-size:cover;--awb-width-large:50%;--awb-margin-top-large:0px;--awb-spacing-right-large:3.84%;--awb-margin-bottom-large:20px;--awb-spacing-left-large:3.84%;--awb-width-medium:50%;--awb-order-medium:0;--awb-spacing-right-medium:3.84%;--awb-spacing-left-medium:3.84%;--awb-width-small:100%;--awb-order-small:0;--awb-spacing-right-small:1.92%;--awb-spacing-left-small:1.92%;\"><div class=\"fusion-column-wrapper fusion-column-has-shadow fusion-flex-justify-content-flex-start fusion-content-layout-column\"><div class=\"fusion-text fusion-text-4\" style=\"--awb-margin-top:50px;\"><ul>\n<li>Sezonska vstopnica Supporters Club (posebni, rezervirani sede\u017ei, postre\u017eba v Supporters Clubu)<\/li>\n<li>Podpisan dres<\/li>\n<li>Logotip na spletni strani v kategoriji podpornikov<\/li>\n<li>Druga vstopnica Supporters Club s 30% popustom<\/li>\n<li>Cena 1.200\u20ac<\/li>\n<\/ul>\n<\/div><\/div><\/div><div class=\"fusion-layout-column fusion_builder_column fusion-builder-column-4 fusion_builder_column_1_2 1_2 fusion-flex-column\" style=\"--awb-bg-size:cover;--awb-width-large:50%;--awb-margin-top-large:0px;--awb-spacing-right-large:3.84%;--awb-margin-bottom-large:20px;--awb-spacing-left-large:3.84%;--awb-width-medium:50%;--awb-order-medium:0;--awb-spacing-right-medium:3.84%;--awb-spacing-left-medium:3.84%;--awb-width-small:100%;--awb-order-small:0;--awb-spacing-right-small:1.92%;--awb-spacing-left-small:1.92%;\"><div class=\"fusion-column-wrapper fusion-column-has-shadow fusion-flex-justify-content-flex-start fusion-content-layout-column\"><div class=\"fusion-image-element \" style=\"--awb-aspect-ratio:2 \/ 1;--awb-object-position:26% 53%;--awb-caption-title-font-family:var(--h2_typography-font-family);--awb-caption-title-font-weight:var(--h2_typography-font-weight);--awb-caption-title-font-style:var(--h2_typography-font-style);--awb-caption-title-size:var(--h2_typography-font-size);--awb-caption-title-transform:var(--h2_typography-text-transform);--awb-caption-title-line-height:var(--h2_typography-line-height);--awb-caption-title-letter-spacing:var(--h2_typography-letter-spacing);\"><span class=\" fusion-imageframe imageframe-none imageframe-1 hover-type-none has-aspect-ratio\"><img decoding=\"async\" width=\"300\" height=\"169\" title=\"hk_olimpija-OFFICAL_SUPPORTER-mailing-1000&#215;562\" src=\"https:\/\/www.hkolimpija.si\/wp-content\/uploads\/2025\/06\/hk_olimpija-OFFICAL_SUPPORTER-mailing-1000x562-1-300x169.png\" class=\"img-responsive wp-image-140624 img-with-aspect-ratio\" alt srcset=\"https:\/\/www.hkolimpija.si\/wp-content\/uploads\/2025\/06\/hk_olimpija-OFFICAL_SUPPORTER-mailing-1000x562-1-200x112.png 200w, https:\/\/www.hkolimpija.si\/wp-content\/uploads\/2025\/06\/hk_olimpija-OFFICAL_SUPPORTER-mailing-1000x562-1-400x225.png 400w, https:\/\/www.hkolimpija.si\/wp-content\/uploads\/2025\/06\/hk_olimpija-OFFICAL_SUPPORTER-mailing-1000x562-1-600x337.png 600w, https:\/\/www.hkolimpija.si\/wp-content\/uploads\/2025\/06\/hk_olimpija-OFFICAL_SUPPORTER-mailing-1000x562-1-800x450.png 800w, https:\/\/www.hkolimpija.si\/wp-content\/uploads\/2025\/06\/hk_olimpija-OFFICAL_SUPPORTER-mailing-1000x562-1.png 1000w\" sizes=\"(max-width: 640px) 100vw, 800px\" \/><\/span><\/div><\/div><\/div><div class=\"fusion-layout-column fusion_builder_column fusion-builder-column-5 fusion_builder_column_1_1 1_1 fusion-flex-column\" style=\"--awb-bg-size:cover;--awb-width-large:100%;--awb-margin-top-large:0px;--awb-spacing-right-large:1.92%;--awb-margin-bottom-large:20px;--awb-spacing-left-large:1.92%;--awb-width-medium:100%;--awb-order-medium:0;--awb-spacing-right-medium:1.92%;--awb-spacing-left-medium:1.92%;--awb-width-small:100%;--awb-order-small:0;--awb-spacing-right-small:1.92%;--awb-spacing-left-small:1.92%;\"><div class=\"fusion-column-wrapper fusion-column-has-shadow fusion-flex-justify-content-flex-start fusion-content-layout-column\"><div class=\"fusion-text fusion-text-5\"><h2><strong>URADNI PARTNER<\/strong><\/h2>\n<\/div><\/div><\/div><div class=\"fusion-layout-column fusion_builder_column fusion-builder-column-6 fusion_builder_column_1_2 1_2 fusion-flex-column\" style=\"--awb-bg-size:cover;--awb-width-large:50%;--awb-margin-top-large:0px;--awb-spacing-right-large:3.84%;--awb-margin-bottom-large:20px;--awb-spacing-left-large:3.84%;--awb-width-medium:50%;--awb-order-medium:0;--awb-spacing-right-medium:3.84%;--awb-spacing-left-medium:3.84%;--awb-width-small:100%;--awb-order-small:0;--awb-spacing-right-small:1.92%;--awb-spacing-left-small:1.92%;\"><div class=\"fusion-column-wrapper fusion-column-has-shadow fusion-flex-justify-content-flex-start fusion-content-layout-column\"><div class=\"fusion-text fusion-text-6\" style=\"--awb-margin-top:50px;\"><ul>\n<li>Sezonska vstopnica VIP poslovni klub (posebni rezervirani sede\u017ei, postre\u017eba v VIP poslovnem klubu)<\/li>\n<li>Podpisan dres<\/li>\n<li>Logotip na spletni strani v kategoriji partnerjev<\/li>\n<li>Obisk skupine igralcev v podjetju<\/li>\n<li>Udele\u017eba na VIP dogodkih poslovnega kluba<\/li>\n<li>Druga vstopnica Vip poslovni klub s 30% popustom<\/li>\n<li>Cena 2.200\u20ac<\/li>\n<li>Plaketa uradnega partnerja HK Olimpija Ljubljana<\/li>\n<\/ul>\n<\/div><\/div><\/div><div class=\"fusion-layout-column fusion_builder_column fusion-builder-column-7 fusion_builder_column_1_2 1_2 fusion-flex-column\" style=\"--awb-bg-size:cover;--awb-width-large:50%;--awb-margin-top-large:0px;--awb-spacing-right-large:3.84%;--awb-margin-bottom-large:20px;--awb-spacing-left-large:3.84%;--awb-width-medium:50%;--awb-order-medium:0;--awb-spacing-right-medium:3.84%;--awb-spacing-left-medium:3.84%;--awb-width-small:100%;--awb-order-small:0;--awb-spacing-right-small:1.92%;--awb-spacing-left-small:1.92%;\"><div class=\"fusion-column-wrapper fusion-column-has-shadow fusion-flex-justify-content-flex-start fusion-content-layout-column\"><div class=\"fusion-image-element \" style=\"--awb-aspect-ratio:2 \/ 1;--awb-object-position:26% 53%;--awb-caption-title-font-family:var(--h2_typography-font-family);--awb-caption-title-font-weight:var(--h2_typography-font-weight);--awb-caption-title-font-style:var(--h2_typography-font-style);--awb-caption-title-size:var(--h2_typography-font-size);--awb-caption-title-transform:var(--h2_typography-text-transform);--awb-caption-title-line-height:var(--h2_typography-line-height);--awb-caption-title-letter-spacing:var(--h2_typography-letter-spacing);\"><span class=\" fusion-imageframe imageframe-none imageframe-2 hover-type-none has-aspect-ratio\"><img decoding=\"async\" width=\"300\" height=\"169\" title=\"hk_olimpija-OFFICAL_PARTNER-mailing-1000&#215;562\" src=\"https:\/\/www.hkolimpija.si\/wp-content\/uploads\/2025\/06\/hk_olimpija-OFFICAL_PARTNER-mailing-1000x562-1-300x169.png\" class=\"img-responsive wp-image-140630 img-with-aspect-ratio\" alt srcset=\"https:\/\/www.hkolimpija.si\/wp-content\/uploads\/2025\/06\/hk_olimpija-OFFICAL_PARTNER-mailing-1000x562-1-200x112.png 200w, https:\/\/www.hkolimpija.si\/wp-content\/uploads\/2025\/06\/hk_olimpija-OFFICAL_PARTNER-mailing-1000x562-1-400x225.png 400w, https:\/\/www.hkolimpija.si\/wp-content\/uploads\/2025\/06\/hk_olimpija-OFFICAL_PARTNER-mailing-1000x562-1-600x337.png 600w, https:\/\/www.hkolimpija.si\/wp-content\/uploads\/2025\/06\/hk_olimpija-OFFICAL_PARTNER-mailing-1000x562-1-800x450.png 800w, https:\/\/www.hkolimpija.si\/wp-content\/uploads\/2025\/06\/hk_olimpija-OFFICAL_PARTNER-mailing-1000x562-1.png 1000w\" sizes=\"(max-width: 640px) 100vw, 800px\" \/><\/span><\/div><\/div><\/div><div class=\"fusion-layout-column fusion_builder_column fusion-builder-column-8 fusion_builder_column_1_1 1_1 fusion-flex-column\" style=\"--awb-bg-size:cover;--awb-width-large:100%;--awb-margin-top-large:0px;--awb-spacing-right-large:1.92%;--awb-margin-bottom-large:20px;--awb-spacing-left-large:1.92%;--awb-width-medium:100%;--awb-order-medium:0;--awb-spacing-right-medium:1.92%;--awb-spacing-left-medium:1.92%;--awb-width-small:100%;--awb-order-small:0;--awb-spacing-right-small:1.92%;--awb-spacing-left-small:1.92%;\"><div class=\"fusion-column-wrapper fusion-column-has-shadow fusion-flex-justify-content-flex-start fusion-content-layout-column\"><div class=\"fusion-text fusion-text-7\" style=\"--awb-margin-top:50px;\"><p>Poka\u017eite va\u0161im prijateljem, poslovnim partnerjem in slovenski \u0161portni publiki, da navijate za Olimpijo in u\u017eivajte v nadstandardni ponudbi.<\/p>\n<p>Ve\u010d in informacij: <a href=\"mailto:marketing@hkolimpija.si\">marketing@hkolimpija.si<\/a><\/p>\n<h2><strong>SEZONSKE VSTOPNICE ZA PODJETJA<\/strong><strong>\u00a0<\/strong><\/h2>\n<p>I\u0161\u010dete edinstven na\u010din za nagrajevanje in motiviranje zaposlenih, mre\u017eenje s potencialnimi partnerji ali utrjevanje odnosov s strankami?<\/p>\n<p>Sezonske vstopnice HK Olimpija so ustvarjene za podjetja, ki razumejo vrednost vrhunskih do\u017eivetij.<\/p>\n<p><u>Na voljo sta dva tipa sezonske vstopnice za podjetja:<\/u><\/p>\n<\/div><\/div><\/div><div class=\"fusion-layout-column fusion_builder_column fusion-builder-column-9 fusion_builder_column_1_2 1_2 fusion-flex-column\" style=\"--awb-bg-size:cover;--awb-width-large:50%;--awb-margin-top-large:0px;--awb-spacing-right-large:3.84%;--awb-margin-bottom-large:20px;--awb-spacing-left-large:3.84%;--awb-width-medium:50%;--awb-order-medium:0;--awb-spacing-right-medium:3.84%;--awb-spacing-left-medium:3.84%;--awb-width-small:100%;--awb-order-small:0;--awb-spacing-right-small:1.92%;--awb-spacing-left-small:1.92%;\"><div class=\"fusion-column-wrapper fusion-column-has-shadow fusion-flex-justify-content-flex-start fusion-content-layout-column\"><div class=\"fusion-text fusion-text-8\" style=\"--awb-margin-top:50px;\"><p><strong>Prenosljiva vstopnica za Supporters klub Olimpija Ljubljana:<\/strong><\/p>\n<\/div><div class=\"fusion-text fusion-text-9\" style=\"--awb-margin-top:50px;\"><ul>\n<li>posebni, rezervirani sede\u017ei, postre\u017eba v Supporters Clubu<\/li>\n<li>Eno vstopnico lahko uporablja ve\u010d razli\u010dnih oseb \u2013 brez omejitev.<\/li>\n<li>Vi odlo\u010date, kdo gre na tekmo \u2013 sodelavec, poslovni partner ali VIP gost<\/li>\n<li>Strast, \u0161port, navijanje in mre\u017eenje v spro\u0161\u010denem okolju<\/li>\n<li>Cena: 800\u20ac<\/li>\n<\/ul>\n<\/div><\/div><\/div><div class=\"fusion-layout-column fusion_builder_column fusion-builder-column-10 fusion_builder_column_1_2 1_2 fusion-flex-column\" style=\"--awb-bg-size:cover;--awb-width-large:50%;--awb-margin-top-large:0px;--awb-spacing-right-large:3.84%;--awb-margin-bottom-large:20px;--awb-spacing-left-large:3.84%;--awb-width-medium:50%;--awb-order-medium:0;--awb-spacing-right-medium:3.84%;--awb-spacing-left-medium:3.84%;--awb-width-small:100%;--awb-order-small:0;--awb-spacing-right-small:1.92%;--awb-spacing-left-small:1.92%;\"><div class=\"fusion-column-wrapper fusion-column-has-shadow fusion-flex-justify-content-flex-start fusion-content-layout-column\"><div class=\"fusion-text fusion-text-10\" style=\"--awb-margin-top:50px;\"><p><strong>VIP vstopnica za Business klub Olimpija Ljubljana:<\/strong><\/p>\n<\/div><div class=\"fusion-text fusion-text-11\" style=\"--awb-margin-top:50px;\"><ul>\n<li>Ogled tekme z VIP tribune<\/li>\n<li>Osebna vstopnica<\/li>\n<li>Vstop v Poslovni klub HK Olimpija Ljubljana<\/li>\n<li>Kulinari\u010dno razvajanje &#8211; Jezer\u0161ek kulinarika<\/li>\n<li>Alkoholni in brezalkoholni napitki<\/li>\n<li>Navezovanje stikov z novimi potencialnimi partnerji<\/li>\n<li>Strast, \u0161port, navijanje in mre\u017eenje v spro\u0161\u010denem okolju<\/li>\n<li>Vabilo na ekskluzivne poslovne dogodke Poslovnega kluba<\/li>\n<li>Cena: 1.200\u20ac<\/li>\n<li><\/li>\n<\/ul>\n<\/div><\/div><\/div><div class=\"fusion-layout-column fusion_builder_column fusion-builder-column-11 fusion_builder_column_1_1 1_1 fusion-flex-column\" style=\"--awb-bg-size:cover;--awb-width-large:100%;--awb-margin-top-large:0px;--awb-spacing-right-large:1.92%;--awb-margin-bottom-large:20px;--awb-spacing-left-large:1.92%;--awb-width-medium:100%;--awb-order-medium:0;--awb-spacing-right-medium:1.92%;--awb-spacing-left-medium:1.92%;--awb-width-small:100%;--awb-order-small:0;--awb-spacing-right-small:1.92%;--awb-spacing-left-small:1.92%;\"><div class=\"fusion-column-wrapper fusion-column-has-shadow fusion-flex-justify-content-flex-start fusion-content-layout-column\"><div class=\"fusion-text fusion-text-12\" style=\"--awb-margin-top:50px;\"><p>\u010ce \u017eelite navdu\u0161iti poslovne partnerje, motivirati zaposlene in zgraditi mo\u010dnej\u0161o poslovno mre\u017eo, potem se oglasite na <a href=\"mailto:marketing@hkolimpija.si\">marketing@hkolimpija.si<\/a> in pomagali vam bomo izbrati najprimernej\u0161o sezonsko vstopnico za vas.<\/p>\n<h2><strong>INDIVIDUALNO SPONZORSTVO IGRALCA<\/strong><\/h2>\n<p>Pove\u017eite svojo blagovno znamko z energijo, strastjo in prepoznavnostjo enega izmed igralcev HK Olimpija Ljubljana! Individualno sponzorstvo igralca je odli\u010dna prilo\u017enost, da skozi celotno sezono zgradite mo\u010dno in pristno povezavo s klubom, igralcem ter na\u0161imi navija\u010di.<\/p>\n<p>Va\u0161e podjetje bo izpostavljeno ob klju\u010dnih trenutkih igral\u010devega nastopa \u2013 na ledu, na spletu in dru\u017ebenih omre\u017ejih \u2013 kar zagotavlja visok doseg in avtenti\u010den stik z ob\u010dinstvom. S svojo podporo ne boste le soustvarjali \u0161portnih uspehov, temve\u010d tudi utrjevali svojo prisotnost v eni najbolj zvestih \u0161portnih skupnosti v Sloveniji.<\/p>\n<\/div><\/div><\/div><div class=\"fusion-layout-column fusion_builder_column fusion-builder-column-12 fusion_builder_column_1_2 1_2 fusion-flex-column\" style=\"--awb-bg-size:cover;--awb-width-large:50%;--awb-margin-top-large:0px;--awb-spacing-right-large:3.84%;--awb-margin-bottom-large:20px;--awb-spacing-left-large:3.84%;--awb-width-medium:50%;--awb-order-medium:0;--awb-spacing-right-medium:3.84%;--awb-spacing-left-medium:3.84%;--awb-width-small:100%;--awb-order-small:0;--awb-spacing-right-small:1.92%;--awb-spacing-left-small:1.92%;\"><div class=\"fusion-column-wrapper fusion-column-has-shadow fusion-flex-justify-content-flex-start fusion-content-layout-column\"><div class=\"fusion-text fusion-text-13\" style=\"--awb-margin-top:50px;\"><p><u>Paket individualnega sponzorstva vklju\u010duje:<\/u><\/p>\n<ul>\n<li>Izpostavitev logotipa va\u0161ega podjetja pri predstavitvi igralca na tekmah<\/li>\n<li>Logotip ob uradni fotografiji igralca na spletni strani<\/li>\n<li>Vidnost ob klju\u010dnih dose\u017ekih igralca na dru\u017ebenih omre\u017ejih (goli, asistence ipd.)<\/li>\n<li>Mo\u017enost obiska igralca v va\u0161em podjetju ali na va\u0161em dogodku<\/li>\n<li>Podpisan dres za va\u0161e poslovne prostore ali nagradne igre<\/li>\n<li>Po dogovoru mo\u017enost logotipa va\u0161ega podjetja tudi na igral\u010devem vozilu<\/li>\n<li>Druge aktivnosti po dogovoru<\/li>\n<\/ul>\n<p>Pi\u0161ite nam na <a href=\"mailto:marketing@hkolimpija.si\">marketing@hkolimpija.si<\/a> in z individualnim sponzorstvom igralca zdru\u017eite \u0161portni ponos in poslovno mo\u010d.<\/p>\n<\/div><\/div><\/div><div class=\"fusion-layout-column fusion_builder_column fusion-builder-column-13 fusion_builder_column_1_2 1_2 fusion-flex-column\" style=\"--awb-bg-size:cover;--awb-width-large:50%;--awb-margin-top-large:0px;--awb-spacing-right-large:3.84%;--awb-margin-bottom-large:20px;--awb-spacing-left-large:3.84%;--awb-width-medium:50%;--awb-order-medium:0;--awb-spacing-right-medium:3.84%;--awb-spacing-left-medium:3.84%;--awb-width-small:100%;--awb-order-small:0;--awb-spacing-right-small:1.92%;--awb-spacing-left-small:1.92%;\"><div class=\"fusion-column-wrapper fusion-column-has-shadow fusion-flex-justify-content-flex-start fusion-content-layout-column\"><div class=\"fusion-image-element \" style=\"--awb-aspect-ratio:2 \/ 1;--awb-object-position:25% 38%;--awb-caption-title-font-family:var(--h2_typography-font-family);--awb-caption-title-font-weight:var(--h2_typography-font-weight);--awb-caption-title-font-style:var(--h2_typography-font-style);--awb-caption-title-size:var(--h2_typography-font-size);--awb-caption-title-transform:var(--h2_typography-text-transform);--awb-caption-title-line-height:var(--h2_typography-line-height);--awb-caption-title-letter-spacing:var(--h2_typography-letter-spacing);\"><span class=\" fusion-imageframe imageframe-none imageframe-3 hover-type-none has-aspect-ratio\"><img decoding=\"async\" width=\"300\" height=\"200\" title=\"Individuano_sponzorstvo_igralcev_1\" src=\"https:\/\/www.hkolimpija.si\/wp-content\/uploads\/2025\/06\/Individuano_sponzorstvo_igralcev_1-300x200.jpg\" class=\"img-responsive wp-image-140658 img-with-aspect-ratio\" alt srcset=\"https:\/\/www.hkolimpija.si\/wp-content\/uploads\/2025\/06\/Individuano_sponzorstvo_igralcev_1-200x133.jpg 200w, https:\/\/www.hkolimpija.si\/wp-content\/uploads\/2025\/06\/Individuano_sponzorstvo_igralcev_1-400x266.jpg 400w, https:\/\/www.hkolimpija.si\/wp-content\/uploads\/2025\/06\/Individuano_sponzorstvo_igralcev_1-600x400.jpg 600w, https:\/\/www.hkolimpija.si\/wp-content\/uploads\/2025\/06\/Individuano_sponzorstvo_igralcev_1-800x533.jpg 800w, https:\/\/www.hkolimpija.si\/wp-content\/uploads\/2025\/06\/Individuano_sponzorstvo_igralcev_1-1200x799.jpg 1200w, https:\/\/www.hkolimpija.si\/wp-content\/uploads\/2025\/06\/Individuano_sponzorstvo_igralcev_1.jpg 1270w\" sizes=\"(max-width: 640px) 100vw, 800px\" \/><\/span><\/div><\/div><\/div><div class=\"fusion-layout-column fusion_builder_column fusion-builder-column-14 fusion_builder_column_1_1 1_1 fusion-flex-column\" style=\"--awb-bg-size:cover;--awb-width-large:100%;--awb-margin-top-large:0px;--awb-spacing-right-large:1.92%;--awb-margin-bottom-large:20px;--awb-spacing-left-large:1.92%;--awb-width-medium:100%;--awb-order-medium:0;--awb-spacing-right-medium:1.92%;--awb-spacing-left-medium:1.92%;--awb-width-small:100%;--awb-order-small:0;--awb-spacing-right-small:1.92%;--awb-spacing-left-small:1.92%;\"><div class=\"fusion-column-wrapper fusion-column-has-shadow fusion-flex-justify-content-flex-start fusion-content-layout-column\"><div class=\"fusion-text fusion-text-14\"><\/div><\/div><\/div><\/div><\/div><\/div><\/p>\n","protected":false},"excerpt":{"rendered":"","protected":false},"author":11,"featured_media":0,"parent":0,"menu_order":0,"comment_status":"closed","ping_status":"closed","template":"100-width.php","meta":{"_acf_changed":false,"footnotes":""},"class_list":["post-140770","page","type-page","status-publish","hentry"],"acf":[],"_links":{"self":[{"href":"https:\/\/www.hkolimpija.si\/en\/wp-json\/wp\/v2\/pages\/140770","targetHints":{"allow":["GET"]}}],"collection":[{"href":"https:\/\/www.hkolimpija.si\/en\/wp-json\/wp\/v2\/pages"}],"about":[{"href":"https:\/\/www.hkolimpija.si\/en\/wp-json\/wp\/v2\/types\/page"}],"author":[{"embeddable":true,"href":"https:\/\/www.hkolimpija.si\/en\/wp-json\/wp\/v2\/users\/11"}],"replies":[{"embeddable":true,"href":"https:\/\/www.hkolimpija.si\/en\/wp-json\/wp\/v2\/comments?post=140770"}],"version-history":[{"count":2,"href":"https:\/\/www.hkolimpija.si\/en\/wp-json\/wp\/v2\/pages\/140770\/revisions"}],"predecessor-version":[{"id":140772,"href":"https:\/\/www.hkolimpija.si\/en\/wp-json\/wp\/v2\/pages\/140770\/revisions\/140772"}],"wp:attachment":[{"href":"https:\/\/www.hkolimpija.si\/en\/wp-json\/wp\/v2\/media?parent=140770"}],"curies":[{"name":"wp","href":"https:\/\/api.w.org\/{rel}","templated":true}]}}